{"id":16,"date":"2017-03-16T20:58:11","date_gmt":"2017-03-16T19:58:11","guid":{"rendered":"http:\/\/elwart.pl\/new\/?page_id=16"},"modified":"2017-03-16T20:58:11","modified_gmt":"2017-03-16T19:58:11","slug":"ofetra","status":"publish","type":"page","link":"https:\/\/elwart.pl\/","title":{"rendered":"OFETRA"},"content":{"rendered":"<p>Sprzeda\u017c materia\u0142\u00f3w budowlanych:<br \/>\n&#8211; bloczki betonowe<br \/>\n&#8211; stal zbrojeniowa<br \/>\n&#8211; gazobeton<br \/>\n&#8211; porotherm<br \/>\n&#8211; cement<br \/>\n&#8211; kostka brukowa<br \/>\n&#8211; konstrukcje dachowe<br \/>\n&#8211; papa<br \/>\n&#8211; chemia budowlana<br \/>\n&#8211; kr\u0119gi betonowe<br \/>\n&#8211; szamba<br \/>\n&#8211; p\u0142yty yumb<\/p>\n<p>Na wszystkie materia\u0142y posiadamy atesty oraz certyfikaty w konkurencyjnych cenach.<\/p>\n<p>(na allegro: pika2120 oraz fifa927)<\/p>\n<p>Us\u0142ugi w zakresie transportu hds:<br \/>\n&#8211; materia\u0142\u00f3w budowlanych<br \/>\n&#8211; maszyn o wadze do 7 ton i gabarytach do 6 metr\u00f3w<br \/>\n&#8211; kontener\u00f3w<br \/>\n&#8211; barak\u00f3w itp.<br \/>\n&#8211; stali zbrojeniowej 12 metrowej<br \/>\nzasi\u0119g \u017curawi do 12 metr\u00f3w -1,5 tony no\u015bno\u015bci.<\/p>\n<p>Us\u0142ugi w zakresie budowy dom\u00f3w jednorodzinnych oraz uk\u0142adanie kostki brukowej.<\/p>\n<p>Materia\u0142y budowlane wraz z us\u0142ug\u0105 budowlan\u0105 7% VAT<\/p>\n","protected":false},"excerpt":{"rendered":"<p>Sprzeda\u017c materia\u0142\u00f3w budowlanych: &#8211; bloczki betonowe &#8211; stal zbrojeniowa &#8211; gazobeton &#8211; porotherm &#8211; cement &#8211; kostka brukowa &#8211; konstrukcje dachowe &#8211; papa &#8211; chemia budowlana &#8211; kr\u0119gi betonowe &#8211; szamba &#8211; p\u0142yty yumb Na wszystkie materia\u0142y posiadamy atesty oraz certyfikaty w konkurencyjnych cenach. (na allegro: pika2120 oraz fifa927) Us\u0142ugi w zakresie transportu hds: &#8211; [&hellip;]<\/p>\n","protected":false},"author":1,"featured_media":0,"parent":0,"menu_order":0,"comment_status":"closed","ping_status":"closed","template":"","meta":{"footnotes":""},"class_list":["post-16","page","type-page","status-publish","hentry"],"_links":{"self":[{"href":"https:\/\/elwart.pl\/index.php\/wp-json\/wp\/v2\/pages\/16","targetHints":{"allow":["GET"]}}],"collection":[{"href":"https:\/\/elwart.pl\/index.php\/wp-json\/wp\/v2\/pages"}],"about":[{"href":"https:\/\/elwart.pl\/index.php\/wp-json\/wp\/v2\/types\/page"}],"author":[{"embeddable":true,"href":"https:\/\/elwart.pl\/index.php\/wp-json\/wp\/v2\/users\/1"}],"replies":[{"embeddable":true,"href":"https:\/\/elwart.pl\/index.php\/wp-json\/wp\/v2\/comments?post=16"}],"version-history":[{"count":1,"href":"https:\/\/elwart.pl\/index.php\/wp-json\/wp\/v2\/pages\/16\/revisions"}],"predecessor-version":[{"id":18,"href":"https:\/\/elwart.pl\/index.php\/wp-json\/wp\/v2\/pages\/16\/revisions\/18"}],"wp:attachment":[{"href":"https:\/\/elwart.pl\/index.php\/wp-json\/wp\/v2\/media?parent=16"}],"curies":[{"name":"wp","href":"https:\/\/api.w.org\/{rel}","templated":true}]}}